{"id":15772,"date":"2025-06-06T06:14:36","date_gmt":"2025-06-06T04:14:36","guid":{"rendered":"https:\/\/www.arnaudom.fr\/wordpress\/?page_id=15772"},"modified":"2025-06-06T06:19:20","modified_gmt":"2025-06-06T04:19:20","slug":"soleil31052025","status":"publish","type":"page","link":"http:\/\/www.arnaudom.fr\/wordpress\/soleil31052025\/","title":{"rendered":"soleil31052025"},"content":{"rendered":"\t\t<div data-elementor-type=\"wp-page\" data-elementor-id=\"15772\" class=\"elementor elementor-15772\">\n\t\t\t\t\t\t<div class=\"elementor-inner\">\n\t\t\t\t<div class=\"elementor-section-wrap\">\n\t\t\t\t\t\t\t\t\t<section class=\"elementor-section elementor-top-section elementor-element elementor-element-db4942b elementor-section-boxed elementor-section-height-default elementor-section-height-default\" data-id=\"db4942b\" data-element_type=\"section\">\n\t\t\t\t\t\t<div class=\"elementor-container elementor-column-gap-default\">\n\t\t\t\t\t\t\t<div class=\"elementor-row\">\n\t\t\t\t\t<div class=\"elementor-column elementor-col-100 elementor-top-column elementor-element elementor-element-9d256eb\" data-id=\"9d256eb\" data-element_type=\"column\">\n\t\t\t<div class=\"elementor-column-wrap elementor-element-populated\">\n\t\t\t\t\t\t\t<div class=\"elementor-widget-wrap\">\n\t\t\t\t\t\t<div class=\"elementor-element elementor-element-ac6b059 elementor-widget elementor-widget-heading\" data-id=\"ac6b059\" data-element_type=\"widget\" data-widget_type=\"heading.default\">\n\t\t\t\t<div class=\"elementor-widget-container\">\n\t\t\t<h1 class=\"elementor-heading-title elementor-size-default\">Soleil du 31 mai 2025<\/h1>\t\t<\/div>\n\t\t\t\t<\/div>\n\t\t\t\t\t\t<\/div>\n\t\t\t\t\t<\/div>\n\t\t<\/div>\n\t\t\t\t\t\t\t\t<\/div>\n\t\t\t\t\t<\/div>\n\t\t<\/section>\n\t\t\t\t<section class=\"elementor-section elementor-top-section elementor-element elementor-element-0f06044 elementor-section-boxed elementor-section-height-default elementor-section-height-default\" data-id=\"0f06044\" data-element_type=\"section\">\n\t\t\t\t\t\t<div class=\"elementor-container elementor-column-gap-default\">\n\t\t\t\t\t\t\t<div class=\"elementor-row\">\n\t\t\t\t\t<div class=\"elementor-column elementor-col-100 elementor-top-column elementor-element elementor-element-d73513d\" data-id=\"d73513d\" data-element_type=\"column\">\n\t\t\t<div class=\"elementor-column-wrap elementor-element-populated\">\n\t\t\t\t\t\t\t<div class=\"elementor-widget-wrap\">\n\t\t\t\t\t\t<div class=\"elementor-element elementor-element-e6d43d4 elementor-widget elementor-widget-heading\" data-id=\"e6d43d4\" data-element_type=\"widget\" data-widget_type=\"heading.default\">\n\t\t\t\t<div class=\"elementor-widget-container\">\n\t\t\t<h2 class=\"elementor-heading-title elementor-size-default\">Soleil en H-Alpha<\/h2>\t\t<\/div>\n\t\t\t\t<\/div>\n\t\t\t\t<div class=\"elementor-element elementor-element-36f8e8d elementor-widget elementor-widget-image\" data-id=\"36f8e8d\" data-element_type=\"widget\" data-widget_type=\"image.default\">\n\t\t\t\t<div class=\"elementor-widget-container\">\n\t\t\t\t\t\t\t\t<div class=\"elementor-image\">\n\t\t\t\t\t\t\t\t\t\t\t\t<img loading=\"lazy\" decoding=\"async\" width=\"1024\" height=\"1024\" src=\"http:\/\/www.arnaudom.fr\/wordpress\/wp-content\/uploads\/2025\/06\/Bestha-7-1024x1024.jpg\" class=\"attachment-large size-large wp-image-15779\" alt=\"\" srcset=\"http:\/\/www.arnaudom.fr\/wordpress\/wp-content\/uploads\/2025\/06\/Bestha-7-1024x1024.jpg 1024w, http:\/\/www.arnaudom.fr\/wordpress\/wp-content\/uploads\/2025\/06\/Bestha-7-300x300.jpg 300w, http:\/\/www.arnaudom.fr\/wordpress\/wp-content\/uploads\/2025\/06\/Bestha-7-150x150.jpg 150w, http:\/\/www.arnaudom.fr\/wordpress\/wp-content\/uploads\/2025\/06\/Bestha-7-768x768.jpg 768w, http:\/\/www.arnaudom.fr\/wordpress\/wp-content\/uploads\/2025\/06\/Bestha-7.jpg 1536w\" sizes=\"auto, (max-width: 1024px) 100vw, 1024px\" \/>\t\t\t\t\t\t\t\t\t\t\t\t\t\t<\/div>\n\t\t\t\t\t\t<\/div>\n\t\t\t\t<\/div>\n\t\t\t\t<div class=\"elementor-element elementor-element-acb2e9f elementor-widget elementor-widget-heading\" data-id=\"acb2e9f\" data-element_type=\"widget\" data-widget_type=\"heading.default\">\n\t\t\t\t<div class=\"elementor-widget-container\">\n\t\t\t<h2 class=\"elementor-heading-title elementor-size-default\">Image invers\u00e9e<\/h2>\t\t<\/div>\n\t\t\t\t<\/div>\n\t\t\t\t<div class=\"elementor-element elementor-element-ce64549 elementor-widget elementor-widget-image\" data-id=\"ce64549\" data-element_type=\"widget\" data-widget_type=\"image.default\">\n\t\t\t\t<div class=\"elementor-widget-container\">\n\t\t\t\t\t\t\t\t<div class=\"elementor-image\">\n\t\t\t\t\t\t\t\t\t\t\t\t<img loading=\"lazy\" decoding=\"async\" width=\"1019\" height=\"1024\" src=\"http:\/\/www.arnaudom.fr\/wordpress\/wp-content\/uploads\/2025\/06\/Inv-8-1019x1024.jpg\" class=\"attachment-large size-large wp-image-15780\" alt=\"\" srcset=\"http:\/\/www.arnaudom.fr\/wordpress\/wp-content\/uploads\/2025\/06\/Inv-8-1019x1024.jpg 1019w, http:\/\/www.arnaudom.fr\/wordpress\/wp-content\/uploads\/2025\/06\/Inv-8-298x300.jpg 298w, http:\/\/www.arnaudom.fr\/wordpress\/wp-content\/uploads\/2025\/06\/Inv-8-150x150.jpg 150w, http:\/\/www.arnaudom.fr\/wordpress\/wp-content\/uploads\/2025\/06\/Inv-8-768x772.jpg 768w, http:\/\/www.arnaudom.fr\/wordpress\/wp-content\/uploads\/2025\/06\/Inv-8.jpg 1520w\" sizes=\"auto, (max-width: 1019px) 100vw, 1019px\" \/>\t\t\t\t\t\t\t\t\t\t\t\t\t\t<\/div>\n\t\t\t\t\t\t<\/div>\n\t\t\t\t<\/div>\n\t\t\t\t<div class=\"elementor-element elementor-element-1bfe652 elementor-widget elementor-widget-heading\" data-id=\"1bfe652\" data-element_type=\"widget\" data-widget_type=\"heading.default\">\n\t\t\t\t<div class=\"elementor-widget-container\">\n\t\t\t<h2 class=\"elementor-heading-title elementor-size-default\">Stacking de 6 images<\/h2>\t\t<\/div>\n\t\t\t\t<\/div>\n\t\t\t\t<div class=\"elementor-element elementor-element-c77aeff elementor-widget elementor-widget-image\" data-id=\"c77aeff\" data-element_type=\"widget\" data-widget_type=\"image.default\">\n\t\t\t\t<div class=\"elementor-widget-container\">\n\t\t\t\t\t\t\t\t<div class=\"elementor-image\">\n\t\t\t\t\t\t\t\t\t\t\t\t<img loading=\"lazy\" decoding=\"async\" width=\"1019\" height=\"1024\" src=\"http:\/\/www.arnaudom.fr\/wordpress\/wp-content\/uploads\/2025\/06\/Stack6-3-1019x1024.jpg\" class=\"attachment-large size-large wp-image-15781\" alt=\"\" srcset=\"http:\/\/www.arnaudom.fr\/wordpress\/wp-content\/uploads\/2025\/06\/Stack6-3-1019x1024.jpg 1019w, http:\/\/www.arnaudom.fr\/wordpress\/wp-content\/uploads\/2025\/06\/Stack6-3-298x300.jpg 298w, http:\/\/www.arnaudom.fr\/wordpress\/wp-content\/uploads\/2025\/06\/Stack6-3-150x150.jpg 150w, http:\/\/www.arnaudom.fr\/wordpress\/wp-content\/uploads\/2025\/06\/Stack6-3-768x772.jpg 768w, http:\/\/www.arnaudom.fr\/wordpress\/wp-content\/uploads\/2025\/06\/Stack6-3.jpg 1520w\" sizes=\"auto, (max-width: 1019px) 100vw, 1019px\" \/>\t\t\t\t\t\t\t\t\t\t\t\t\t\t<\/div>\n\t\t\t\t\t\t<\/div>\n\t\t\t\t<\/div>\n\t\t\t\t<div class=\"elementor-element elementor-element-9747309 elementor-widget elementor-widget-heading\" data-id=\"9747309\" data-element_type=\"widget\" data-widget_type=\"heading.default\">\n\t\t\t\t<div class=\"elementor-widget-container\">\n\t\t\t<h2 class=\"elementor-heading-title elementor-size-default\">Stacking en couleur<\/h2>\t\t<\/div>\n\t\t\t\t<\/div>\n\t\t\t\t<div class=\"elementor-element elementor-element-cce734b elementor-widget elementor-widget-image\" data-id=\"cce734b\" data-element_type=\"widget\" data-widget_type=\"image.default\">\n\t\t\t\t<div class=\"elementor-widget-container\">\n\t\t\t\t\t\t\t\t<div class=\"elementor-image\">\n\t\t\t\t\t\t\t\t\t\t\t\t<img loading=\"lazy\" decoding=\"async\" width=\"1019\" height=\"1024\" src=\"http:\/\/www.arnaudom.fr\/wordpress\/wp-content\/uploads\/2025\/06\/Col-8-1019x1024.jpg\" class=\"attachment-large size-large wp-image-15782\" alt=\"\" srcset=\"http:\/\/www.arnaudom.fr\/wordpress\/wp-content\/uploads\/2025\/06\/Col-8-1019x1024.jpg 1019w, http:\/\/www.arnaudom.fr\/wordpress\/wp-content\/uploads\/2025\/06\/Col-8-298x300.jpg 298w, http:\/\/www.arnaudom.fr\/wordpress\/wp-content\/uploads\/2025\/06\/Col-8-150x150.jpg 150w, http:\/\/www.arnaudom.fr\/wordpress\/wp-content\/uploads\/2025\/06\/Col-8-768x772.jpg 768w, http:\/\/www.arnaudom.fr\/wordpress\/wp-content\/uploads\/2025\/06\/Col-8.jpg 1520w\" sizes=\"auto, (max-width: 1019px) 100vw, 1019px\" \/>\t\t\t\t\t\t\t\t\t\t\t\t\t\t<\/div>\n\t\t\t\t\t\t<\/div>\n\t\t\t\t<\/div>\n\t\t\t\t<div class=\"elementor-element elementor-element-89ef18a elementor-widget elementor-widget-heading\" data-id=\"89ef18a\" data-element_type=\"widget\" data-widget_type=\"heading.default\">\n\t\t\t\t<div class=\"elementor-widget-container\">\n\t\t\t<h2 class=\"elementor-heading-title elementor-size-default\">Protub\u00e9rances<\/h2>\t\t<\/div>\n\t\t\t\t<\/div>\n\t\t\t\t<div class=\"elementor-element elementor-element-58cc6fb elementor-widget elementor-widget-image\" data-id=\"58cc6fb\" data-element_type=\"widget\" data-widget_type=\"image.default\">\n\t\t\t\t<div class=\"elementor-widget-container\">\n\t\t\t\t\t\t\t\t<div class=\"elementor-image\">\n\t\t\t\t\t\t\t\t\t\t\t\t<img loading=\"lazy\" decoding=\"async\" width=\"1024\" height=\"1024\" src=\"http:\/\/www.arnaudom.fr\/wordpress\/wp-content\/uploads\/2025\/06\/Protus-5-1024x1024.jpg\" class=\"attachment-large size-large wp-image-15783\" alt=\"\" srcset=\"http:\/\/www.arnaudom.fr\/wordpress\/wp-content\/uploads\/2025\/06\/Protus-5-1024x1024.jpg 1024w, http:\/\/www.arnaudom.fr\/wordpress\/wp-content\/uploads\/2025\/06\/Protus-5-300x300.jpg 300w, http:\/\/www.arnaudom.fr\/wordpress\/wp-content\/uploads\/2025\/06\/Protus-5-150x150.jpg 150w, http:\/\/www.arnaudom.fr\/wordpress\/wp-content\/uploads\/2025\/06\/Protus-5-768x768.jpg 768w, http:\/\/www.arnaudom.fr\/wordpress\/wp-content\/uploads\/2025\/06\/Protus-5.jpg 1536w\" sizes=\"auto, (max-width: 1024px) 100vw, 1024px\" \/>\t\t\t\t\t\t\t\t\t\t\t\t\t\t<\/div>\n\t\t\t\t\t\t<\/div>\n\t\t\t\t<\/div>\n\t\t\t\t<div class=\"elementor-element elementor-element-245b6b4 elementor-widget elementor-widget-heading\" data-id=\"245b6b4\" data-element_type=\"widget\" data-widget_type=\"heading.default\">\n\t\t\t\t<div class=\"elementor-widget-container\">\n\t\t\t<h2 class=\"elementor-heading-title elementor-size-default\">Protub\u00e9rances et globe solaire<\/h2>\t\t<\/div>\n\t\t\t\t<\/div>\n\t\t\t\t<div class=\"elementor-element elementor-element-ea3eff8 elementor-widget elementor-widget-image\" data-id=\"ea3eff8\" data-element_type=\"widget\" data-widget_type=\"image.default\">\n\t\t\t\t<div class=\"elementor-widget-container\">\n\t\t\t\t\t\t\t\t<div class=\"elementor-image\">\n\t\t\t\t\t\t\t\t\t\t\t\t<img loading=\"lazy\" decoding=\"async\" width=\"1024\" height=\"1024\" src=\"http:\/\/www.arnaudom.fr\/wordpress\/wp-content\/uploads\/2025\/06\/Protusglobe-1-1024x1024.jpg\" class=\"attachment-large size-large wp-image-15784\" alt=\"\" srcset=\"http:\/\/www.arnaudom.fr\/wordpress\/wp-content\/uploads\/2025\/06\/Protusglobe-1-1024x1024.jpg 1024w, http:\/\/www.arnaudom.fr\/wordpress\/wp-content\/uploads\/2025\/06\/Protusglobe-1-300x300.jpg 300w, http:\/\/www.arnaudom.fr\/wordpress\/wp-content\/uploads\/2025\/06\/Protusglobe-1-150x150.jpg 150w, http:\/\/www.arnaudom.fr\/wordpress\/wp-content\/uploads\/2025\/06\/Protusglobe-1-768x768.jpg 768w, http:\/\/www.arnaudom.fr\/wordpress\/wp-content\/uploads\/2025\/06\/Protusglobe-1.jpg 1536w\" sizes=\"auto, (max-width: 1024px) 100vw, 1024px\" \/>\t\t\t\t\t\t\t\t\t\t\t\t\t\t<\/div>\n\t\t\t\t\t\t<\/div>\n\t\t\t\t<\/div>\n\t\t\t\t<div class=\"elementor-element elementor-element-1b2409c elementor-widget elementor-widget-heading\" data-id=\"1b2409c\" data-element_type=\"widget\" data-widget_type=\"heading.default\">\n\t\t\t\t<div class=\"elementor-widget-container\">\n\t\t\t<h2 class=\"elementor-heading-title elementor-size-default\">Protub\u00e9rances en couleur<\/h2>\t\t<\/div>\n\t\t\t\t<\/div>\n\t\t\t\t<div class=\"elementor-element elementor-element-65f0853 elementor-widget elementor-widget-image\" data-id=\"65f0853\" data-element_type=\"widget\" data-widget_type=\"image.default\">\n\t\t\t\t<div class=\"elementor-widget-container\">\n\t\t\t\t\t\t\t\t<div class=\"elementor-image\">\n\t\t\t\t\t\t\t\t\t\t\t\t<img loading=\"lazy\" decoding=\"async\" width=\"1024\" height=\"1024\" src=\"http:\/\/www.arnaudom.fr\/wordpress\/wp-content\/uploads\/2025\/06\/Protuscolglobe-5-1024x1024.jpg\" class=\"attachment-large size-large wp-image-15785\" alt=\"\" srcset=\"http:\/\/www.arnaudom.fr\/wordpress\/wp-content\/uploads\/2025\/06\/Protuscolglobe-5-1024x1024.jpg 1024w, http:\/\/www.arnaudom.fr\/wordpress\/wp-content\/uploads\/2025\/06\/Protuscolglobe-5-300x300.jpg 300w, http:\/\/www.arnaudom.fr\/wordpress\/wp-content\/uploads\/2025\/06\/Protuscolglobe-5-150x150.jpg 150w, http:\/\/www.arnaudom.fr\/wordpress\/wp-content\/uploads\/2025\/06\/Protuscolglobe-5-768x768.jpg 768w, http:\/\/www.arnaudom.fr\/wordpress\/wp-content\/uploads\/2025\/06\/Protuscolglobe-5.jpg 1536w\" sizes=\"auto, (max-width: 1024px) 100vw, 1024px\" \/>\t\t\t\t\t\t\t\t\t\t\t\t\t\t<\/div>\n\t\t\t\t\t\t<\/div>\n\t\t\t\t<\/div>\n\t\t\t\t<div class=\"elementor-element elementor-element-2b8c2b9 elementor-widget elementor-widget-heading\" data-id=\"2b8c2b9\" data-element_type=\"widget\" data-widget_type=\"heading.default\">\n\t\t\t\t<div class=\"elementor-widget-container\">\n\t\t\t<h2 class=\"elementor-heading-title elementor-size-default\">Taches solaires<\/h2>\t\t<\/div>\n\t\t\t\t<\/div>\n\t\t\t\t<div class=\"elementor-element elementor-element-5e99d79 elementor-widget elementor-widget-image\" data-id=\"5e99d79\" data-element_type=\"widget\" data-widget_type=\"image.default\">\n\t\t\t\t<div class=\"elementor-widget-container\">\n\t\t\t\t\t\t\t\t<div class=\"elementor-image\">\n\t\t\t\t\t\t\t\t\t\t\t\t<img loading=\"lazy\" decoding=\"async\" width=\"1024\" height=\"1024\" src=\"http:\/\/www.arnaudom.fr\/wordpress\/wp-content\/uploads\/2025\/06\/Taches-1-1024x1024.jpg\" class=\"attachment-large size-large wp-image-15786\" alt=\"\" srcset=\"http:\/\/www.arnaudom.fr\/wordpress\/wp-content\/uploads\/2025\/06\/Taches-1-1024x1024.jpg 1024w, http:\/\/www.arnaudom.fr\/wordpress\/wp-content\/uploads\/2025\/06\/Taches-1-300x300.jpg 300w, http:\/\/www.arnaudom.fr\/wordpress\/wp-content\/uploads\/2025\/06\/Taches-1-150x150.jpg 150w, http:\/\/www.arnaudom.fr\/wordpress\/wp-content\/uploads\/2025\/06\/Taches-1-768x768.jpg 768w, http:\/\/www.arnaudom.fr\/wordpress\/wp-content\/uploads\/2025\/06\/Taches-1.jpg 1536w\" sizes=\"auto, (max-width: 1024px) 100vw, 1024px\" \/>\t\t\t\t\t\t\t\t\t\t\t\t\t\t<\/div>\n\t\t\t\t\t\t<\/div>\n\t\t\t\t<\/div>\n\t\t\t\t\t\t<\/div>\n\t\t\t\t\t<\/div>\n\t\t<\/div>\n\t\t\t\t\t\t\t\t<\/div>\n\t\t\t\t\t<\/div>\n\t\t<\/section>\n\t\t\t\t<section class=\"elementor-section elementor-top-section elementor-element elementor-element-284e86f elementor-section-boxed elementor-section-height-default elementor-section-height-default\" data-id=\"284e86f\" data-element_type=\"section\">\n\t\t\t\t\t\t<div class=\"elementor-container elementor-column-gap-default\">\n\t\t\t\t\t\t\t<div class=\"elementor-row\">\n\t\t\t\t\t<div class=\"elementor-column elementor-col-100 elementor-top-column elementor-element elementor-element-b3c0924\" data-id=\"b3c0924\" data-element_type=\"column\" data-settings=\"{&quot;background_background&quot;:&quot;classic&quot;}\">\n\t\t\t<div class=\"elementor-column-wrap elementor-element-populated\">\n\t\t\t\t\t\t\t<div class=\"elementor-widget-wrap\">\n\t\t\t\t\t\t<div class=\"elementor-element elementor-element-051e719 elementor-widget elementor-widget-text-editor\" data-id=\"051e719\" data-element_type=\"widget\" data-widget_type=\"text-editor.default\">\n\t\t\t\t<div class=\"elementor-widget-container\">\n\t\t\t\t\t\t\t\t<div class=\"elementor-text-editor elementor-clearfix\">\n\t\t\t\t<p style=\"text-align: center;\"><b>Donn\u00e9es techniques :<\/b><\/p>\n<ul>\n<li>Lunette Skywatcher ED 72\/420 avec filtre Hoya ND 1,2 sur EQ6.<br><\/li>\n<li>Sol&rsquo;ex r\u00e9gl\u00e9 sur la raie H-Alpha.<\/li>\n<li>Filtre H-Alpha 6 nm.<\/li>\n<li>Cam\u00e9ra ZWO ASI 178 MM.<\/li>\n<li>Capture avec Firecapture.<\/li>\n<li>Stacking avec Autostakkert.<\/li><li>Colorisation avec Gimp.<\/li>\n<\/ul>\t\t\t\t\t<\/div>\n\t\t\t\t\t\t<\/div>\n\t\t\t\t<\/div>\n\t\t\t\t\t\t<\/div>\n\t\t\t\t\t<\/div>\n\t\t<\/div>\n\t\t\t\t\t\t\t\t<\/div>\n\t\t\t\t\t<\/div>\n\t\t<\/section>\n\t\t\t\t\t\t\t\t\t<\/div>\n\t\t\t<\/div>\n\t\t\t\t\t<\/div>\n\t\t","protected":false},"excerpt":{"rendered":"<p>Soleil du 31 mai 2025 Soleil en H-Alpha Image invers\u00e9e Stacking de 6 images Stacking en couleur Protub\u00e9rances Protub\u00e9rances et globe solaire Protub\u00e9rances en couleur Taches solaires Donn\u00e9es techniques : Lunette Skywatcher ED 72\/420 avec filtre Hoya ND 1,2 sur EQ6. Sol&rsquo;ex r\u00e9gl\u00e9 sur la raie H-Alpha. Filtre H-Alpha 6 nm. Cam\u00e9ra ZWO ASI 178 &hellip;<\/p>\n<p class=\"read-more\"> <a class=\"\" href=\"http:\/\/www.arnaudom.fr\/wordpress\/soleil31052025\/\"> <span class=\"screen-reader-text\">soleil31052025<\/span> Lire la suite\u00a0\u00bb<\/a><\/p>\n","protected":false},"author":1,"featured_media":0,"parent":0,"menu_order":0,"comment_status":"closed","ping_status":"closed","template":"","meta":{"site-sidebar-layout":"default","site-content-layout":"page-builder","ast-site-content-layout":"default","site-content-style":"default","site-sidebar-style":"default","ast-global-header-display":"","ast-banner-title-visibility":"","ast-main-header-display":"","ast-hfb-above-header-display":"","ast-hfb-below-header-display":"","ast-hfb-mobile-header-display":"","site-post-title":"disabled","ast-breadcrumbs-content":"","ast-featured-img":"disabled","footer-sml-layout":"","theme-transparent-header-meta":"","adv-header-id-meta":"","stick-header-meta":"","header-above-stick-meta":"","header-main-stick-meta":"","header-below-stick-meta":"","astra-migrate-meta-layouts":"set","ast-page-background-enabled":"default","ast-page-background-meta":{"desktop":{"background-color":"","background-image":"","background-repeat":"repeat","background-position":"center center","background-size":"auto","background-attachment":"scroll","background-type":"","background-media":"","overlay-type":"","overlay-color":"","overlay-gradient":""},"tablet":{"background-color":"","background-image":"","background-repeat":"repeat","background-position":"center center","background-size":"auto","background-attachment":"scroll","background-type":"","background-media":"","overlay-type":"","overlay-color":"","overlay-gradient":""},"mobile":{"background-color":"","background-image":"","background-repeat":"repeat","background-position":"center center","background-size":"auto","background-attachment":"scroll","background-type":"","background-media":"","overlay-type":"","overlay-color":"","overlay-gradient":""}},"ast-content-background-meta":{"desktop":{"background-color":"var(--ast-global-color-5)","background-image":"","background-repeat":"repeat","background-position":"center center","background-size":"auto","background-attachment":"scroll","background-type":"","background-media":"","overlay-type":"","overlay-color":"","overlay-gradient":""},"tablet":{"background-color":"var(--ast-global-color-5)","background-image":"","background-repeat":"repeat","background-position":"center center","background-size":"auto","background-attachment":"scroll","background-type":"","background-media":"","overlay-type":"","overlay-color":"","overlay-gradient":""},"mobile":{"background-color":"var(--ast-global-color-5)","background-image":"","background-repeat":"repeat","background-position":"center center","background-size":"auto","background-attachment":"scroll","background-type":"","background-media":"","overlay-type":"","overlay-color":"","overlay-gradient":""}},"footnotes":""},"class_list":["post-15772","page","type-page","status-publish","hentry"],"_links":{"self":[{"href":"http:\/\/www.arnaudom.fr\/wordpress\/wp-json\/wp\/v2\/pages\/15772","targetHints":{"allow":["GET"]}}],"collection":[{"href":"http:\/\/www.arnaudom.fr\/wordpress\/wp-json\/wp\/v2\/pages"}],"about":[{"href":"http:\/\/www.arnaudom.fr\/wordpress\/wp-json\/wp\/v2\/types\/page"}],"author":[{"embeddable":true,"href":"http:\/\/www.arnaudom.fr\/wordpress\/wp-json\/wp\/v2\/users\/1"}],"replies":[{"embeddable":true,"href":"http:\/\/www.arnaudom.fr\/wordpress\/wp-json\/wp\/v2\/comments?post=15772"}],"version-history":[{"count":8,"href":"http:\/\/www.arnaudom.fr\/wordpress\/wp-json\/wp\/v2\/pages\/15772\/revisions"}],"predecessor-version":[{"id":15789,"href":"http:\/\/www.arnaudom.fr\/wordpress\/wp-json\/wp\/v2\/pages\/15772\/revisions\/15789"}],"wp:attachment":[{"href":"http:\/\/www.arnaudom.fr\/wordpress\/wp-json\/wp\/v2\/media?parent=15772"}],"curies":[{"name":"wp","href":"https:\/\/api.w.org\/{rel}","templated":true}]}}