{"id":15376,"date":"2025-04-24T15:56:41","date_gmt":"2025-04-24T13:56:41","guid":{"rendered":"https:\/\/www.arnaudom.fr\/wordpress\/?page_id=15376"},"modified":"2025-04-24T15:59:18","modified_gmt":"2025-04-24T13:59:18","slug":"soleil19042025","status":"publish","type":"page","link":"http:\/\/www.arnaudom.fr\/wordpress\/soleil19042025\/","title":{"rendered":"soleil19042025"},"content":{"rendered":"\t\t<div data-elementor-type=\"wp-page\" data-elementor-id=\"15376\" class=\"elementor elementor-15376\">\n\t\t\t\t\t\t<div class=\"elementor-inner\">\n\t\t\t\t<div class=\"elementor-section-wrap\">\n\t\t\t\t\t\t\t\t\t<section class=\"elementor-section elementor-top-section elementor-element elementor-element-3506638 elementor-section-boxed elementor-section-height-default elementor-section-height-default\" data-id=\"3506638\" data-element_type=\"section\">\n\t\t\t\t\t\t<div class=\"elementor-container elementor-column-gap-default\">\n\t\t\t\t\t\t\t<div class=\"elementor-row\">\n\t\t\t\t\t<div class=\"elementor-column elementor-col-100 elementor-top-column elementor-element elementor-element-2fc6504\" data-id=\"2fc6504\" data-element_type=\"column\">\n\t\t\t<div class=\"elementor-column-wrap elementor-element-populated\">\n\t\t\t\t\t\t\t<div class=\"elementor-widget-wrap\">\n\t\t\t\t\t\t<div class=\"elementor-element elementor-element-b4e77aa elementor-widget elementor-widget-heading\" data-id=\"b4e77aa\" data-element_type=\"widget\" data-widget_type=\"heading.default\">\n\t\t\t\t<div class=\"elementor-widget-container\">\n\t\t\t<h1 class=\"elementor-heading-title elementor-size-default\">Soleil du 19 avril 2025<\/h1>\t\t<\/div>\n\t\t\t\t<\/div>\n\t\t\t\t\t\t<\/div>\n\t\t\t\t\t<\/div>\n\t\t<\/div>\n\t\t\t\t\t\t\t\t<\/div>\n\t\t\t\t\t<\/div>\n\t\t<\/section>\n\t\t\t\t<section class=\"elementor-section elementor-top-section elementor-element elementor-element-82a613f elementor-section-boxed elementor-section-height-default elementor-section-height-default\" data-id=\"82a613f\" data-element_type=\"section\">\n\t\t\t\t\t\t<div class=\"elementor-container elementor-column-gap-default\">\n\t\t\t\t\t\t\t<div class=\"elementor-row\">\n\t\t\t\t\t<div class=\"elementor-column elementor-col-100 elementor-top-column elementor-element elementor-element-1b75d70\" data-id=\"1b75d70\" data-element_type=\"column\">\n\t\t\t<div class=\"elementor-column-wrap elementor-element-populated\">\n\t\t\t\t\t\t\t<div class=\"elementor-widget-wrap\">\n\t\t\t\t\t\t<div class=\"elementor-element elementor-element-b6edbda elementor-widget elementor-widget-heading\" data-id=\"b6edbda\" data-element_type=\"widget\" data-widget_type=\"heading.default\">\n\t\t\t\t<div class=\"elementor-widget-container\">\n\t\t\t<h2 class=\"elementor-heading-title elementor-size-default\">Soleil en H-Alpha<\/h2>\t\t<\/div>\n\t\t\t\t<\/div>\n\t\t\t\t<div class=\"elementor-element elementor-element-1d6f3bb elementor-widget elementor-widget-image\" data-id=\"1d6f3bb\" data-element_type=\"widget\" data-widget_type=\"image.default\">\n\t\t\t\t<div class=\"elementor-widget-container\">\n\t\t\t\t\t\t\t\t<div class=\"elementor-image\">\n\t\t\t\t\t\t\t\t\t\t\t\t<img loading=\"lazy\" decoding=\"async\" width=\"1024\" height=\"1024\" src=\"http:\/\/www.arnaudom.fr\/wordpress\/wp-content\/uploads\/2025\/04\/bestha-1-1024x1024.jpg\" class=\"attachment-large size-large wp-image-15379\" alt=\"\" srcset=\"http:\/\/www.arnaudom.fr\/wordpress\/wp-content\/uploads\/2025\/04\/bestha-1-1024x1024.jpg 1024w, http:\/\/www.arnaudom.fr\/wordpress\/wp-content\/uploads\/2025\/04\/bestha-1-300x300.jpg 300w, http:\/\/www.arnaudom.fr\/wordpress\/wp-content\/uploads\/2025\/04\/bestha-1-150x150.jpg 150w, http:\/\/www.arnaudom.fr\/wordpress\/wp-content\/uploads\/2025\/04\/bestha-1-768x768.jpg 768w, http:\/\/www.arnaudom.fr\/wordpress\/wp-content\/uploads\/2025\/04\/bestha-1-1536x1536.jpg 1536w, http:\/\/www.arnaudom.fr\/wordpress\/wp-content\/uploads\/2025\/04\/bestha-1.jpg 1544w\" sizes=\"auto, (max-width: 1024px) 100vw, 1024px\" \/>\t\t\t\t\t\t\t\t\t\t\t\t\t\t<\/div>\n\t\t\t\t\t\t<\/div>\n\t\t\t\t<\/div>\n\t\t\t\t<div class=\"elementor-element elementor-element-b8447ba elementor-widget elementor-widget-heading\" data-id=\"b8447ba\" data-element_type=\"widget\" data-widget_type=\"heading.default\">\n\t\t\t\t<div class=\"elementor-widget-container\">\n\t\t\t<h2 class=\"elementor-heading-title elementor-size-default\">Image invers\u00e9e<\/h2>\t\t<\/div>\n\t\t\t\t<\/div>\n\t\t\t\t<div class=\"elementor-element elementor-element-82830c7 elementor-widget elementor-widget-image\" data-id=\"82830c7\" data-element_type=\"widget\" data-widget_type=\"image.default\">\n\t\t\t\t<div class=\"elementor-widget-container\">\n\t\t\t\t\t\t\t\t<div class=\"elementor-image\">\n\t\t\t\t\t\t\t\t\t\t\t\t<img loading=\"lazy\" decoding=\"async\" width=\"1019\" height=\"1024\" src=\"http:\/\/www.arnaudom.fr\/wordpress\/wp-content\/uploads\/2025\/04\/Inv-1-1019x1024.jpg\" class=\"attachment-large size-large wp-image-15380\" alt=\"\" srcset=\"http:\/\/www.arnaudom.fr\/wordpress\/wp-content\/uploads\/2025\/04\/Inv-1-1019x1024.jpg 1019w, http:\/\/www.arnaudom.fr\/wordpress\/wp-content\/uploads\/2025\/04\/Inv-1-298x300.jpg 298w, http:\/\/www.arnaudom.fr\/wordpress\/wp-content\/uploads\/2025\/04\/Inv-1-150x150.jpg 150w, http:\/\/www.arnaudom.fr\/wordpress\/wp-content\/uploads\/2025\/04\/Inv-1-768x772.jpg 768w, http:\/\/www.arnaudom.fr\/wordpress\/wp-content\/uploads\/2025\/04\/Inv-1.jpg 1528w\" sizes=\"auto, (max-width: 1019px) 100vw, 1019px\" \/>\t\t\t\t\t\t\t\t\t\t\t\t\t\t<\/div>\n\t\t\t\t\t\t<\/div>\n\t\t\t\t<\/div>\n\t\t\t\t<div class=\"elementor-element elementor-element-f6b0186 elementor-widget elementor-widget-heading\" data-id=\"f6b0186\" data-element_type=\"widget\" data-widget_type=\"heading.default\">\n\t\t\t\t<div class=\"elementor-widget-container\">\n\t\t\t<h2 class=\"elementor-heading-title elementor-size-default\">Image invers\u00e9e en couleur<\/h2>\t\t<\/div>\n\t\t\t\t<\/div>\n\t\t\t\t<div class=\"elementor-element elementor-element-2f57b0c elementor-widget elementor-widget-image\" data-id=\"2f57b0c\" data-element_type=\"widget\" data-widget_type=\"image.default\">\n\t\t\t\t<div class=\"elementor-widget-container\">\n\t\t\t\t\t\t\t\t<div class=\"elementor-image\">\n\t\t\t\t\t\t\t\t\t\t\t\t<img loading=\"lazy\" decoding=\"async\" width=\"1019\" height=\"1024\" src=\"http:\/\/www.arnaudom.fr\/wordpress\/wp-content\/uploads\/2025\/04\/Invcol-1-1019x1024.jpg\" class=\"attachment-large size-large wp-image-15381\" alt=\"\" srcset=\"http:\/\/www.arnaudom.fr\/wordpress\/wp-content\/uploads\/2025\/04\/Invcol-1-1019x1024.jpg 1019w, http:\/\/www.arnaudom.fr\/wordpress\/wp-content\/uploads\/2025\/04\/Invcol-1-298x300.jpg 298w, http:\/\/www.arnaudom.fr\/wordpress\/wp-content\/uploads\/2025\/04\/Invcol-1-150x150.jpg 150w, http:\/\/www.arnaudom.fr\/wordpress\/wp-content\/uploads\/2025\/04\/Invcol-1-768x772.jpg 768w, http:\/\/www.arnaudom.fr\/wordpress\/wp-content\/uploads\/2025\/04\/Invcol-1.jpg 1528w\" sizes=\"auto, (max-width: 1019px) 100vw, 1019px\" \/>\t\t\t\t\t\t\t\t\t\t\t\t\t\t<\/div>\n\t\t\t\t\t\t<\/div>\n\t\t\t\t<\/div>\n\t\t\t\t<div class=\"elementor-element elementor-element-68f22e4 elementor-widget elementor-widget-heading\" data-id=\"68f22e4\" data-element_type=\"widget\" data-widget_type=\"heading.default\">\n\t\t\t\t<div class=\"elementor-widget-container\">\n\t\t\t<h2 class=\"elementor-heading-title elementor-size-default\">Stacking de 5 images<\/h2>\t\t<\/div>\n\t\t\t\t<\/div>\n\t\t\t\t<div class=\"elementor-element elementor-element-da279eb elementor-widget elementor-widget-image\" data-id=\"da279eb\" data-element_type=\"widget\" data-widget_type=\"image.default\">\n\t\t\t\t<div class=\"elementor-widget-container\">\n\t\t\t\t\t\t\t\t<div class=\"elementor-image\">\n\t\t\t\t\t\t\t\t\t\t\t\t<img loading=\"lazy\" decoding=\"async\" width=\"1019\" height=\"1024\" src=\"http:\/\/www.arnaudom.fr\/wordpress\/wp-content\/uploads\/2025\/04\/Stack5-1019x1024.jpg\" class=\"attachment-large size-large wp-image-15382\" alt=\"\" srcset=\"http:\/\/www.arnaudom.fr\/wordpress\/wp-content\/uploads\/2025\/04\/Stack5-1019x1024.jpg 1019w, http:\/\/www.arnaudom.fr\/wordpress\/wp-content\/uploads\/2025\/04\/Stack5-298x300.jpg 298w, http:\/\/www.arnaudom.fr\/wordpress\/wp-content\/uploads\/2025\/04\/Stack5-150x150.jpg 150w, http:\/\/www.arnaudom.fr\/wordpress\/wp-content\/uploads\/2025\/04\/Stack5-768x772.jpg 768w, http:\/\/www.arnaudom.fr\/wordpress\/wp-content\/uploads\/2025\/04\/Stack5.jpg 1528w\" sizes=\"auto, (max-width: 1019px) 100vw, 1019px\" \/>\t\t\t\t\t\t\t\t\t\t\t\t\t\t<\/div>\n\t\t\t\t\t\t<\/div>\n\t\t\t\t<\/div>\n\t\t\t\t<div class=\"elementor-element elementor-element-81f4e0a elementor-widget elementor-widget-heading\" data-id=\"81f4e0a\" data-element_type=\"widget\" data-widget_type=\"heading.default\">\n\t\t\t\t<div class=\"elementor-widget-container\">\n\t\t\t<h2 class=\"elementor-heading-title elementor-size-default\">Stacking en couleur<\/h2>\t\t<\/div>\n\t\t\t\t<\/div>\n\t\t\t\t<div class=\"elementor-element elementor-element-3d7cc9c elementor-widget elementor-widget-image\" data-id=\"3d7cc9c\" data-element_type=\"widget\" data-widget_type=\"image.default\">\n\t\t\t\t<div class=\"elementor-widget-container\">\n\t\t\t\t\t\t\t\t<div class=\"elementor-image\">\n\t\t\t\t\t\t\t\t\t\t\t\t<img loading=\"lazy\" decoding=\"async\" width=\"1019\" height=\"1024\" src=\"http:\/\/www.arnaudom.fr\/wordpress\/wp-content\/uploads\/2025\/04\/Col-1-1019x1024.jpg\" class=\"attachment-large size-large wp-image-15383\" alt=\"\" srcset=\"http:\/\/www.arnaudom.fr\/wordpress\/wp-content\/uploads\/2025\/04\/Col-1-1019x1024.jpg 1019w, http:\/\/www.arnaudom.fr\/wordpress\/wp-content\/uploads\/2025\/04\/Col-1-298x300.jpg 298w, http:\/\/www.arnaudom.fr\/wordpress\/wp-content\/uploads\/2025\/04\/Col-1-150x150.jpg 150w, http:\/\/www.arnaudom.fr\/wordpress\/wp-content\/uploads\/2025\/04\/Col-1-768x772.jpg 768w, http:\/\/www.arnaudom.fr\/wordpress\/wp-content\/uploads\/2025\/04\/Col-1.jpg 1528w\" sizes=\"auto, (max-width: 1019px) 100vw, 1019px\" \/>\t\t\t\t\t\t\t\t\t\t\t\t\t\t<\/div>\n\t\t\t\t\t\t<\/div>\n\t\t\t\t<\/div>\n\t\t\t\t<div class=\"elementor-element elementor-element-6677b9f elementor-widget elementor-widget-heading\" data-id=\"6677b9f\" data-element_type=\"widget\" data-widget_type=\"heading.default\">\n\t\t\t\t<div class=\"elementor-widget-container\">\n\t\t\t<h2 class=\"elementor-heading-title elementor-size-default\">Protub\u00e9rances<\/h2>\t\t<\/div>\n\t\t\t\t<\/div>\n\t\t\t\t<div class=\"elementor-element elementor-element-0892acf elementor-widget elementor-widget-image\" data-id=\"0892acf\" data-element_type=\"widget\" data-widget_type=\"image.default\">\n\t\t\t\t<div class=\"elementor-widget-container\">\n\t\t\t\t\t\t\t\t<div class=\"elementor-image\">\n\t\t\t\t\t\t\t\t\t\t\t\t<img loading=\"lazy\" decoding=\"async\" width=\"1024\" height=\"1024\" src=\"http:\/\/www.arnaudom.fr\/wordpress\/wp-content\/uploads\/2025\/04\/Protus-1-1024x1024.jpg\" class=\"attachment-large size-large wp-image-15384\" alt=\"\" srcset=\"http:\/\/www.arnaudom.fr\/wordpress\/wp-content\/uploads\/2025\/04\/Protus-1-1024x1024.jpg 1024w, http:\/\/www.arnaudom.fr\/wordpress\/wp-content\/uploads\/2025\/04\/Protus-1-300x300.jpg 300w, http:\/\/www.arnaudom.fr\/wordpress\/wp-content\/uploads\/2025\/04\/Protus-1-150x150.jpg 150w, http:\/\/www.arnaudom.fr\/wordpress\/wp-content\/uploads\/2025\/04\/Protus-1-768x768.jpg 768w, http:\/\/www.arnaudom.fr\/wordpress\/wp-content\/uploads\/2025\/04\/Protus-1-1536x1536.jpg 1536w, http:\/\/www.arnaudom.fr\/wordpress\/wp-content\/uploads\/2025\/04\/Protus-1.jpg 1544w\" sizes=\"auto, (max-width: 1024px) 100vw, 1024px\" \/>\t\t\t\t\t\t\t\t\t\t\t\t\t\t<\/div>\n\t\t\t\t\t\t<\/div>\n\t\t\t\t<\/div>\n\t\t\t\t<div class=\"elementor-element elementor-element-a321005 elementor-widget elementor-widget-heading\" data-id=\"a321005\" data-element_type=\"widget\" data-widget_type=\"heading.default\">\n\t\t\t\t<div class=\"elementor-widget-container\">\n\t\t\t<h2 class=\"elementor-heading-title elementor-size-default\">Protub\u00e9rances en couleur<\/h2>\t\t<\/div>\n\t\t\t\t<\/div>\n\t\t\t\t<div class=\"elementor-element elementor-element-19b4228 elementor-widget elementor-widget-image\" data-id=\"19b4228\" data-element_type=\"widget\" data-widget_type=\"image.default\">\n\t\t\t\t<div class=\"elementor-widget-container\">\n\t\t\t\t\t\t\t\t<div class=\"elementor-image\">\n\t\t\t\t\t\t\t\t\t\t\t\t<img loading=\"lazy\" decoding=\"async\" width=\"1024\" height=\"1024\" src=\"http:\/\/www.arnaudom.fr\/wordpress\/wp-content\/uploads\/2025\/04\/Protuscolglobe-1-1024x1024.jpg\" class=\"attachment-large size-large wp-image-15385\" alt=\"\" srcset=\"http:\/\/www.arnaudom.fr\/wordpress\/wp-content\/uploads\/2025\/04\/Protuscolglobe-1-1024x1024.jpg 1024w, http:\/\/www.arnaudom.fr\/wordpress\/wp-content\/uploads\/2025\/04\/Protuscolglobe-1-300x300.jpg 300w, http:\/\/www.arnaudom.fr\/wordpress\/wp-content\/uploads\/2025\/04\/Protuscolglobe-1-150x150.jpg 150w, http:\/\/www.arnaudom.fr\/wordpress\/wp-content\/uploads\/2025\/04\/Protuscolglobe-1-768x768.jpg 768w, http:\/\/www.arnaudom.fr\/wordpress\/wp-content\/uploads\/2025\/04\/Protuscolglobe-1-1536x1536.jpg 1536w, http:\/\/www.arnaudom.fr\/wordpress\/wp-content\/uploads\/2025\/04\/Protuscolglobe-1.jpg 1544w\" sizes=\"auto, (max-width: 1024px) 100vw, 1024px\" \/>\t\t\t\t\t\t\t\t\t\t\t\t\t\t<\/div>\n\t\t\t\t\t\t<\/div>\n\t\t\t\t<\/div>\n\t\t\t\t<div class=\"elementor-element elementor-element-8bd4441 elementor-widget elementor-widget-heading\" data-id=\"8bd4441\" data-element_type=\"widget\" data-widget_type=\"heading.default\">\n\t\t\t\t<div class=\"elementor-widget-container\">\n\t\t\t<h2 class=\"elementor-heading-title elementor-size-default\">Taches solaires<\/h2>\t\t<\/div>\n\t\t\t\t<\/div>\n\t\t\t\t<div class=\"elementor-element elementor-element-b3e6098 elementor-widget elementor-widget-image\" data-id=\"b3e6098\" data-element_type=\"widget\" data-widget_type=\"image.default\">\n\t\t\t\t<div class=\"elementor-widget-container\">\n\t\t\t\t\t\t\t\t<div class=\"elementor-image\">\n\t\t\t\t\t\t\t\t\t\t\t\t<img loading=\"lazy\" decoding=\"async\" width=\"1024\" height=\"1024\" src=\"http:\/\/www.arnaudom.fr\/wordpress\/wp-content\/uploads\/2025\/04\/Tache-1-1024x1024.jpg\" class=\"attachment-large size-large wp-image-15386\" alt=\"\" srcset=\"http:\/\/www.arnaudom.fr\/wordpress\/wp-content\/uploads\/2025\/04\/Tache-1-1024x1024.jpg 1024w, http:\/\/www.arnaudom.fr\/wordpress\/wp-content\/uploads\/2025\/04\/Tache-1-300x300.jpg 300w, http:\/\/www.arnaudom.fr\/wordpress\/wp-content\/uploads\/2025\/04\/Tache-1-150x150.jpg 150w, http:\/\/www.arnaudom.fr\/wordpress\/wp-content\/uploads\/2025\/04\/Tache-1-768x768.jpg 768w, http:\/\/www.arnaudom.fr\/wordpress\/wp-content\/uploads\/2025\/04\/Tache-1-1536x1536.jpg 1536w, http:\/\/www.arnaudom.fr\/wordpress\/wp-content\/uploads\/2025\/04\/Tache-1.jpg 1544w\" sizes=\"auto, (max-width: 1024px) 100vw, 1024px\" \/>\t\t\t\t\t\t\t\t\t\t\t\t\t\t<\/div>\n\t\t\t\t\t\t<\/div>\n\t\t\t\t<\/div>\n\t\t\t\t\t\t<\/div>\n\t\t\t\t\t<\/div>\n\t\t<\/div>\n\t\t\t\t\t\t\t\t<\/div>\n\t\t\t\t\t<\/div>\n\t\t<\/section>\n\t\t\t\t<section class=\"elementor-section elementor-top-section elementor-element elementor-element-760b849 elementor-section-boxed elementor-section-height-default elementor-section-height-default\" data-id=\"760b849\" data-element_type=\"section\">\n\t\t\t\t\t\t<div class=\"elementor-container elementor-column-gap-default\">\n\t\t\t\t\t\t\t<div class=\"elementor-row\">\n\t\t\t\t\t<div class=\"elementor-column elementor-col-100 elementor-top-column elementor-element elementor-element-a0a5995\" data-id=\"a0a5995\" data-element_type=\"column\" data-settings=\"{&quot;background_background&quot;:&quot;classic&quot;}\">\n\t\t\t<div class=\"elementor-column-wrap elementor-element-populated\">\n\t\t\t\t\t\t\t<div class=\"elementor-widget-wrap\">\n\t\t\t\t\t\t<div class=\"elementor-element elementor-element-25de0d1 elementor-widget elementor-widget-text-editor\" data-id=\"25de0d1\" data-element_type=\"widget\" data-widget_type=\"text-editor.default\">\n\t\t\t\t<div class=\"elementor-widget-container\">\n\t\t\t\t\t\t\t\t<div class=\"elementor-text-editor elementor-clearfix\">\n\t\t\t\t<p style=\"text-align: center;\"><b>Donn\u00e9es techniques :<\/b><\/p>\n<ul>\n<li>Lunette Skywatcher ED 72\/420 avec filtre Hoya ND 1,2 sur EQ6.<br><\/li>\n<li>Sol&rsquo;ex r\u00e9gl\u00e9 sur la raie H-Alpha.<\/li>\n<li>Filtre H-Alpha 6 nm.<\/li>\n<li>Cam\u00e9ra ZWO ASI 178 MM.<\/li>\n<li>Capture avec Firecapture.<\/li>\n<li>Stacking avec Autostakkert.<\/li><li>Colorisation avec Gimp.<\/li>\n<\/ul>\t\t\t\t\t<\/div>\n\t\t\t\t\t\t<\/div>\n\t\t\t\t<\/div>\n\t\t\t\t\t\t<\/div>\n\t\t\t\t\t<\/div>\n\t\t<\/div>\n\t\t\t\t\t\t\t\t<\/div>\n\t\t\t\t\t<\/div>\n\t\t<\/section>\n\t\t\t\t\t\t\t\t\t<\/div>\n\t\t\t<\/div>\n\t\t\t\t\t<\/div>\n\t\t","protected":false},"excerpt":{"rendered":"<p>Soleil du 19 avril 2025 Soleil en H-Alpha Image invers\u00e9e Image invers\u00e9e en couleur Stacking de 5 images Stacking en couleur Protub\u00e9rances Protub\u00e9rances en couleur Taches solaires Donn\u00e9es techniques : Lunette Skywatcher ED 72\/420 avec filtre Hoya ND 1,2 sur EQ6. Sol&rsquo;ex r\u00e9gl\u00e9 sur la raie H-Alpha. Filtre H-Alpha 6 nm. Cam\u00e9ra ZWO ASI 178 &hellip;<\/p>\n<p class=\"read-more\"> <a class=\"\" href=\"http:\/\/www.arnaudom.fr\/wordpress\/soleil19042025\/\"> <span class=\"screen-reader-text\">soleil19042025<\/span> Lire la suite\u00a0\u00bb<\/a><\/p>\n","protected":false},"author":1,"featured_media":0,"parent":0,"menu_order":0,"comment_status":"closed","ping_status":"closed","template":"","meta":{"site-sidebar-layout":"default","site-content-layout":"page-builder","ast-site-content-layout":"default","site-content-style":"default","site-sidebar-style":"default","ast-global-header-display":"","ast-banner-title-visibility":"","ast-main-header-display":"","ast-hfb-above-header-display":"","ast-hfb-below-header-display":"","ast-hfb-mobile-header-display":"","site-post-title":"disabled","ast-breadcrumbs-content":"","ast-featured-img":"disabled","footer-sml-layout":"","theme-transparent-header-meta":"","adv-header-id-meta":"","stick-header-meta":"","header-above-stick-meta":"","header-main-stick-meta":"","header-below-stick-meta":"","astra-migrate-meta-layouts":"set","ast-page-background-enabled":"default","ast-page-background-meta":{"desktop":{"background-color":"","background-image":"","background-repeat":"repeat","background-position":"center center","background-size":"auto","background-attachment":"scroll","background-type":"","background-media":"","overlay-type":"","overlay-color":"","overlay-gradient":""},"tablet":{"background-color":"","background-image":"","background-repeat":"repeat","background-position":"center center","background-size":"auto","background-attachment":"scroll","background-type":"","background-media":"","overlay-type":"","overlay-color":"","overlay-gradient":""},"mobile":{"background-color":"","background-image":"","background-repeat":"repeat","background-position":"center center","background-size":"auto","background-attachment":"scroll","background-type":"","background-media":"","overlay-type":"","overlay-color":"","overlay-gradient":""}},"ast-content-background-meta":{"desktop":{"background-color":"var(--ast-global-color-5)","background-image":"","background-repeat":"repeat","background-position":"center center","background-size":"auto","background-attachment":"scroll","background-type":"","background-media":"","overlay-type":"","overlay-color":"","overlay-gradient":""},"tablet":{"background-color":"var(--ast-global-color-5)","background-image":"","background-repeat":"repeat","background-position":"center center","background-size":"auto","background-attachment":"scroll","background-type":"","background-media":"","overlay-type":"","overlay-color":"","overlay-gradient":""},"mobile":{"background-color":"var(--ast-global-color-5)","background-image":"","background-repeat":"repeat","background-position":"center center","background-size":"auto","background-attachment":"scroll","background-type":"","background-media":"","overlay-type":"","overlay-color":"","overlay-gradient":""}},"footnotes":""},"class_list":["post-15376","page","type-page","status-publish","hentry"],"_links":{"self":[{"href":"http:\/\/www.arnaudom.fr\/wordpress\/wp-json\/wp\/v2\/pages\/15376","targetHints":{"allow":["GET"]}}],"collection":[{"href":"http:\/\/www.arnaudom.fr\/wordpress\/wp-json\/wp\/v2\/pages"}],"about":[{"href":"http:\/\/www.arnaudom.fr\/wordpress\/wp-json\/wp\/v2\/types\/page"}],"author":[{"embeddable":true,"href":"http:\/\/www.arnaudom.fr\/wordpress\/wp-json\/wp\/v2\/users\/1"}],"replies":[{"embeddable":true,"href":"http:\/\/www.arnaudom.fr\/wordpress\/wp-json\/wp\/v2\/comments?post=15376"}],"version-history":[{"count":5,"href":"http:\/\/www.arnaudom.fr\/wordpress\/wp-json\/wp\/v2\/pages\/15376\/revisions"}],"predecessor-version":[{"id":15389,"href":"http:\/\/www.arnaudom.fr\/wordpress\/wp-json\/wp\/v2\/pages\/15376\/revisions\/15389"}],"wp:attachment":[{"href":"http:\/\/www.arnaudom.fr\/wordpress\/wp-json\/wp\/v2\/media?parent=15376"}],"curies":[{"name":"wp","href":"https:\/\/api.w.org\/{rel}","templated":true}]}}