{"id":11189,"date":"2023-11-02T16:37:10","date_gmt":"2023-11-02T15:37:10","guid":{"rendered":"http:\/\/www.arnaudom.fr\/wordpress\/?page_id=11189"},"modified":"2023-11-03T22:55:33","modified_gmt":"2023-11-03T21:55:33","slug":"ic63","status":"publish","type":"page","link":"http:\/\/www.arnaudom.fr\/wordpress\/ic63\/","title":{"rendered":"ic63"},"content":{"rendered":"\t\t<div data-elementor-type=\"wp-page\" data-elementor-id=\"11189\" class=\"elementor elementor-11189\">\n\t\t\t\t\t\t<div class=\"elementor-inner\">\n\t\t\t\t<div class=\"elementor-section-wrap\">\n\t\t\t\t\t\t\t\t\t<section class=\"elementor-section elementor-top-section elementor-element elementor-element-85c5bc4 elementor-section-full_width elementor-section-height-default elementor-section-height-default\" data-id=\"85c5bc4\" data-element_type=\"section\" data-settings=\"{&quot;background_background&quot;:&quot;classic&quot;}\">\n\t\t\t\t\t\t<div class=\"elementor-container elementor-column-gap-default\">\n\t\t\t\t\t\t\t<div class=\"elementor-row\">\n\t\t\t\t\t<div class=\"elementor-column elementor-col-100 elementor-top-column elementor-element elementor-element-6409140\" data-id=\"6409140\" data-element_type=\"column\" data-settings=\"{&quot;background_background&quot;:&quot;classic&quot;}\">\n\t\t\t<div class=\"elementor-column-wrap elementor-element-populated\">\n\t\t\t\t\t\t\t<div class=\"elementor-widget-wrap\">\n\t\t\t\t\t\t<div class=\"elementor-element elementor-element-02f3803 elementor-widget elementor-widget-heading\" data-id=\"02f3803\" data-element_type=\"widget\" data-widget_type=\"heading.default\">\n\t\t\t\t<div class=\"elementor-widget-container\">\n\t\t\t<h1 class=\"elementor-heading-title elementor-size-default\">IC 63, la n\u00e9buleuse du fant\u00f4me de Cassiop\u00e9e<\/h1>\t\t<\/div>\n\t\t\t\t<\/div>\n\t\t\t\t<div class=\"elementor-element elementor-element-3a824c5 elementor-widget-divider--view-line elementor-widget elementor-widget-divider\" data-id=\"3a824c5\" data-element_type=\"widget\" data-widget_type=\"divider.default\">\n\t\t\t\t<div class=\"elementor-widget-container\">\n\t\t\t\t\t<div class=\"elementor-divider\">\n\t\t\t<span class=\"elementor-divider-separator\">\n\t\t\t\t\t\t<\/span>\n\t\t<\/div>\n\t\t\t\t<\/div>\n\t\t\t\t<\/div>\n\t\t\t\t<div class=\"elementor-element elementor-element-cd59609 elementor-widget elementor-widget-text-editor\" data-id=\"cd59609\" data-element_type=\"widget\" data-widget_type=\"text-editor.default\">\n\t\t\t\t<div class=\"elementor-widget-container\">\n\t\t\t\t\t\t\t\t<div class=\"elementor-text-editor elementor-clearfix\">\n\t\t\t\t<p style=\"text-align: center;\">Photographi\u00e9e en octobre 2023.<\/p>\t\t\t\t\t<\/div>\n\t\t\t\t\t\t<\/div>\n\t\t\t\t<\/div>\n\t\t\t\t<div class=\"elementor-element elementor-element-c7a631d elementor-widget elementor-widget-image\" data-id=\"c7a631d\" data-element_type=\"widget\" data-widget_type=\"image.default\">\n\t\t\t\t<div class=\"elementor-widget-container\">\n\t\t\t\t\t\t\t\t<div class=\"elementor-image\">\n\t\t\t\t\t\t\t\t\t\t\t\t<img loading=\"lazy\" decoding=\"async\" width=\"1024\" height=\"738\" src=\"http:\/\/www.arnaudom.fr\/wordpress\/wp-content\/uploads\/2023\/11\/Finale300-1024x738.jpg\" class=\"attachment-large size-large wp-image-11232\" alt=\"\" srcset=\"http:\/\/www.arnaudom.fr\/wordpress\/wp-content\/uploads\/2023\/11\/Finale300-1024x738.jpg 1024w, http:\/\/www.arnaudom.fr\/wordpress\/wp-content\/uploads\/2023\/11\/Finale300-300x216.jpg 300w, http:\/\/www.arnaudom.fr\/wordpress\/wp-content\/uploads\/2023\/11\/Finale300-768x553.jpg 768w, http:\/\/www.arnaudom.fr\/wordpress\/wp-content\/uploads\/2023\/11\/Finale300-1536x1107.jpg 1536w, http:\/\/www.arnaudom.fr\/wordpress\/wp-content\/uploads\/2023\/11\/Finale300-2048x1476.jpg 2048w\" sizes=\"auto, (max-width: 1024px) 100vw, 1024px\" \/>\t\t\t\t\t\t\t\t\t\t\t\t\t\t<\/div>\n\t\t\t\t\t\t<\/div>\n\t\t\t\t<\/div>\n\t\t\t\t<div class=\"elementor-element elementor-element-834f650 elementor-widget elementor-widget-heading\" data-id=\"834f650\" data-element_type=\"widget\" data-widget_type=\"heading.default\">\n\t\t\t\t<div class=\"elementor-widget-container\">\n\t\t\t<h3 class=\"elementor-heading-title elementor-size-default\">Recadrage et gros plan sur IC 63<\/h3>\t\t<\/div>\n\t\t\t\t<\/div>\n\t\t\t\t<div class=\"elementor-element elementor-element-c58d9d5 elementor-widget elementor-widget-image\" data-id=\"c58d9d5\" data-element_type=\"widget\" data-widget_type=\"image.default\">\n\t\t\t\t<div class=\"elementor-widget-container\">\n\t\t\t\t\t\t\t\t<div class=\"elementor-image\">\n\t\t\t\t\t\t\t\t\t\t\t\t<img loading=\"lazy\" decoding=\"async\" width=\"1024\" height=\"889\" src=\"http:\/\/www.arnaudom.fr\/wordpress\/wp-content\/uploads\/2023\/11\/Ic63Crop-1024x889.jpg\" class=\"attachment-large size-large wp-image-11243\" alt=\"\" srcset=\"http:\/\/www.arnaudom.fr\/wordpress\/wp-content\/uploads\/2023\/11\/Ic63Crop-1024x889.jpg 1024w, http:\/\/www.arnaudom.fr\/wordpress\/wp-content\/uploads\/2023\/11\/Ic63Crop-300x261.jpg 300w, http:\/\/www.arnaudom.fr\/wordpress\/wp-content\/uploads\/2023\/11\/Ic63Crop-768x667.jpg 768w, http:\/\/www.arnaudom.fr\/wordpress\/wp-content\/uploads\/2023\/11\/Ic63Crop-1536x1334.jpg 1536w, http:\/\/www.arnaudom.fr\/wordpress\/wp-content\/uploads\/2023\/11\/Ic63Crop-2048x1779.jpg 2048w\" sizes=\"auto, (max-width: 1024px) 100vw, 1024px\" \/>\t\t\t\t\t\t\t\t\t\t\t\t\t\t<\/div>\n\t\t\t\t\t\t<\/div>\n\t\t\t\t<\/div>\n\t\t\t\t<div class=\"elementor-element elementor-element-203cfce elementor-widget elementor-widget-text-editor\" data-id=\"203cfce\" data-element_type=\"widget\" data-widget_type=\"text-editor.default\">\n\t\t\t\t<div class=\"elementor-widget-container\">\n\t\t\t\t\t\t\t\t<div class=\"elementor-text-editor elementor-clearfix\">\n\t\t\t\t<p style=\"text-align: center;\"><strong><span style=\"color: #00cece;\">Newton TS Carbone 200\/800 + Monture EQ6 Pro + ZWO 1600 Pro + Paracorr Televue + Filtres LRGBHa<br \/>Autoguidage : lunette Skywatcher 80\/400 + Zwo 120 mini<br \/>17 x 3 min L + 12&#215;3 min R + 12&#215;3 min G + 12&#215;3 min B + 21&#215;5 min Ha+ 12 dark + 15 flat par filtre<\/span><\/strong><\/p>\t\t\t\t\t<\/div>\n\t\t\t\t\t\t<\/div>\n\t\t\t\t<\/div>\n\t\t\t\t<div class=\"elementor-element elementor-element-685b418 elementor-widget elementor-widget-text-editor\" data-id=\"685b418\" data-element_type=\"widget\" data-widget_type=\"text-editor.default\">\n\t\t\t\t<div class=\"elementor-widget-container\">\n\t\t\t\t\t\t\t\t<div class=\"elementor-text-editor elementor-clearfix\">\n\t\t\t\t<p style=\"text-align: center;\"><span style=\"color: #ffffff;\">IC 63 est une dr\u00f4le de n\u00e9buleuse situ\u00e9e dans la constellation de Cassiop\u00e9e,&nbsp; et qui pour le coup m\u00e9rite bien son surnom de \u00ab\u00a0fant\u00f4me\u00a0\u00bb, au vu de sa forme g\u00e9n\u00e9rale tr\u00e8s \u00e9vocatrice. La n\u00e9buleuse est peu lumineuse et rend l&rsquo;utilisation du filtre H-Alpha obligatoire tant elle ressort peu en Luminance. La tache se complique avec la pr\u00e9sence de la tr\u00e8s brillante \u00e9toile Gamma Cassiop\u00e9e dont le halo illumine le champ en haut \u00e0 droite de l&rsquo;image. Mon image manque sans aucun doute de temps de pose total mais le temps maussade du mois d&rsquo;octobre ne m&rsquo;a pas autoris\u00e9 \u00e0 faire plus d&rsquo;acquisitions. Il faudrait multiplier les temps de pose, accroitre les acquisitions en H-Alpha et en couleur et peut \u00eatre mieux soigner le cadrage pour am\u00e9liorer le r\u00e9sultat. Voici de bonnes bases de travail pour une future photo du fant\u00f4me de Cassiop\u00e9e ! <br><\/span><\/p>\t\t\t\t\t<\/div>\n\t\t\t\t\t\t<\/div>\n\t\t\t\t<\/div>\n\t\t\t\t<div class=\"elementor-element elementor-element-9a1313a elementor-align-center elementor-widget elementor-widget-button\" data-id=\"9a1313a\" data-element_type=\"widget\" data-widget_type=\"button.default\">\n\t\t\t\t<div class=\"elementor-widget-container\">\n\t\t\t\t\t<div class=\"elementor-button-wrapper\">\n\t\t\t<a href=\"http:\/\/www.arnaudom.fr\/wordpress\/profondnebuleuses\" class=\"elementor-button-link elementor-button elementor-size-sm\" role=\"button\">\n\t\t\t\t\t\t<span class=\"elementor-button-content-wrapper\">\n\t\t\t\t\t\t\t<span class=\"elementor-button-icon elementor-align-icon-right\">\n\t\t\t\t\t\t\t\t\t<i class=\"fa fa-camera\" aria-hidden=\"true\"><\/i>\n\t\t\t\t\t\t\t<\/span>\n\t\t\t\t\t\t<span class=\"elementor-button-text\">Retour \u00e0 la galerie<\/span>\n\t\t<\/span>\n\t\t\t\t\t<\/a>\n\t\t<\/div>\n\t\t\t\t<\/div>\n\t\t\t\t<\/div>\n\t\t\t\t\t\t<\/div>\n\t\t\t\t\t<\/div>\n\t\t<\/div>\n\t\t\t\t\t\t\t\t<\/div>\n\t\t\t\t\t<\/div>\n\t\t<\/section>\n\t\t\t\t\t\t\t\t\t<\/div>\n\t\t\t<\/div>\n\t\t\t\t\t<\/div>\n\t\t","protected":false},"excerpt":{"rendered":"<p>IC 63, la n\u00e9buleuse du fant\u00f4me de Cassiop\u00e9e Photographi\u00e9e en octobre 2023. Recadrage et gros plan sur IC 63 Newton TS Carbone 200\/800 + Monture EQ6 Pro + ZWO 1600 Pro + Paracorr Televue + Filtres LRGBHaAutoguidage : lunette Skywatcher 80\/400 + Zwo 120 mini17 x 3 min L + 12&#215;3 min R + 12&#215;3 &hellip;<\/p>\n<p class=\"read-more\"> <a class=\"\" href=\"http:\/\/www.arnaudom.fr\/wordpress\/ic63\/\"> <span class=\"screen-reader-text\">ic63<\/span> Lire la suite\u00a0\u00bb<\/a><\/p>\n","protected":false},"author":1,"featured_media":0,"parent":0,"menu_order":0,"comment_status":"closed","ping_status":"closed","template":"","meta":{"site-sidebar-layout":"default","site-content-layout":"page-builder","ast-site-content-layout":"default","site-content-style":"default","site-sidebar-style":"default","ast-global-header-display":"","ast-banner-title-visibility":"","ast-main-header-display":"","ast-hfb-above-header-display":"","ast-hfb-below-header-display":"","ast-hfb-mobile-header-display":"","site-post-title":"disabled","ast-breadcrumbs-content":"","ast-featured-img":"disabled","footer-sml-layout":"","theme-transparent-header-meta":"","adv-header-id-meta":"","stick-header-meta":"","header-above-stick-meta":"","header-main-stick-meta":"","header-below-stick-meta":"","astra-migrate-meta-layouts":"set","ast-page-background-enabled":"default","ast-page-background-meta":{"desktop":{"background-color":"","background-image":"","background-repeat":"repeat","background-position":"center center","background-size":"auto","background-attachment":"scroll","background-type":"","background-media":"","overlay-type":"","overlay-color":"","overlay-gradient":""},"tablet":{"background-color":"","background-image":"","background-repeat":"repeat","background-position":"center center","background-size":"auto","background-attachment":"scroll","background-type":"","background-media":"","overlay-type":"","overlay-color":"","overlay-gradient":""},"mobile":{"background-color":"","background-image":"","background-repeat":"repeat","background-position":"center center","background-size":"auto","background-attachment":"scroll","background-type":"","background-media":"","overlay-type":"","overlay-color":"","overlay-gradient":""}},"ast-content-background-meta":{"desktop":{"background-color":"var(--ast-global-color-5)","background-image":"","background-repeat":"repeat","background-position":"center center","background-size":"auto","background-attachment":"scroll","background-type":"","background-media":"","overlay-type":"","overlay-color":"","overlay-gradient":""},"tablet":{"background-color":"var(--ast-global-color-5)","background-image":"","background-repeat":"repeat","background-position":"center center","background-size":"auto","background-attachment":"scroll","background-type":"","background-media":"","overlay-type":"","overlay-color":"","overlay-gradient":""},"mobile":{"background-color":"var(--ast-global-color-5)","background-image":"","background-repeat":"repeat","background-position":"center center","background-size":"auto","background-attachment":"scroll","background-type":"","background-media":"","overlay-type":"","overlay-color":"","overlay-gradient":""}},"footnotes":""},"class_list":["post-11189","page","type-page","status-publish","hentry"],"_links":{"self":[{"href":"http:\/\/www.arnaudom.fr\/wordpress\/wp-json\/wp\/v2\/pages\/11189","targetHints":{"allow":["GET"]}}],"collection":[{"href":"http:\/\/www.arnaudom.fr\/wordpress\/wp-json\/wp\/v2\/pages"}],"about":[{"href":"http:\/\/www.arnaudom.fr\/wordpress\/wp-json\/wp\/v2\/types\/page"}],"author":[{"embeddable":true,"href":"http:\/\/www.arnaudom.fr\/wordpress\/wp-json\/wp\/v2\/users\/1"}],"replies":[{"embeddable":true,"href":"http:\/\/www.arnaudom.fr\/wordpress\/wp-json\/wp\/v2\/comments?post=11189"}],"version-history":[{"count":17,"href":"http:\/\/www.arnaudom.fr\/wordpress\/wp-json\/wp\/v2\/pages\/11189\/revisions"}],"predecessor-version":[{"id":11314,"href":"http:\/\/www.arnaudom.fr\/wordpress\/wp-json\/wp\/v2\/pages\/11189\/revisions\/11314"}],"wp:attachment":[{"href":"http:\/\/www.arnaudom.fr\/wordpress\/wp-json\/wp\/v2\/media?parent=11189"}],"curies":[{"name":"wp","href":"https:\/\/api.w.org\/{rel}","templated":true}]}}